{"id":4991,"date":"2017-09-08T07:53:48","date_gmt":"2017-09-08T07:53:48","guid":{"rendered":"http:\/\/peruniquedestination.com\/tips\/"},"modified":"2019-04-02T18:06:20","modified_gmt":"2019-04-02T18:06:20","slug":"tips","status":"publish","type":"page","link":"https:\/\/peruniquedestination.com\/es\/tips\/","title":{"rendered":"Tips"},"content":{"rendered":"<p>[vc_row][vc_column css=\u00bb.vc_custom_1504102479241{padding-top: 0px !important;}\u00bb][vc_column_text css=\u00bb.vc_custom_1551900658320{padding-top: 50px !important;padding-bottom: 20px !important;}\u00bb]<\/p>\n<div class=\"cabecera-nosotros\" style=\"display: block; margin: 0 auto; width: fit-content;\"><img decoding=\"async\" src=\"http:\/\/peruniquedestination.com\/wp-content\/uploads\/2018\/09\/logo-blanco.png\" width=\"200\" \/><\/div>\n<p>[\/vc_column_text][\/vc_column][\/vc_row][vc_row equal_height=\u00bbyes\u00bb content_placement=\u00bbmiddle\u00bb row_content_width=\u00bbgrid\u00bb css=\u00bb.vc_custom_1554228372525{padding-top: 0px !important;padding-bottom: 20px !important;}\u00bb][vc_column offset=\u00bbvc_col-lg-12 vc_col-md-12&#8243;][vc_column_text]<\/p>\n<h3 style=\"font-size: 25px; margin-bottom: -8px; color: #63bc59; text-align: left;\"><strong style=\"color: white;\">Pasaportes<\/strong> y Visas<\/h3>\n<p style=\"margin-top: 16px; margin-bottom: 25px; color: white;\">UEE.UU., Canad\u00e1 y Europa Occidental, los ciudadanos no requieren visa para ingresar al Per\u00fa, s\u00f3lo un pasaporte v\u00e1lido.<br \/>\nLos viajeros que requieren una visa pueden obtener una a trav\u00e9s de la embajada o consulado peruano en su \u00e1rea. Una tarjeta de turista se le da al viajero de manera gratuita al llegar a Per\u00fa.<br \/>\nHay dos copias de la tarjeta, una para la inmigraci\u00f3n y el otro para el viajero. No pierda la tarjeta de turista, esta se requiere para salir del pa\u00eds, para el control de pasaportes, y la ampliaci\u00f3n de su estancia en Per\u00fa. La estancia m\u00e1xima permitida en el Per\u00fa es de 90 d\u00edas.<\/p>\n<p>[\/vc_column_text][vc_column_text]<\/p>\n<h3 style=\"font-size: 25px; margin-bottom: -8px; color: #63bc59; text-align: left;\"><strong style=\"color: white;\">Vuelos<\/strong> y Equipaje<\/h3>\n<p style=\"margin-top: 16px; margin-bottom: 25px; color: white;\">Debe estar en el aeropuerto para las llegadas de los vuelos internacionales desde y hacia el Per\u00fa con tres horas antes de anticipaci\u00f3n.<br \/>\nLos objetos de valor, tales como c\u00e1mara o binoculares y los medicamentos recetados siempre se llevar\u00e1 en su equipaje de mano para evitar la p\u00e9rdida o el da\u00f1o de los mismos. Equipaje chequeado debe ser etiquetado correctamente.<\/p>\n<p>[\/vc_column_text][vc_column_text]<\/p>\n<h3 style=\"font-size: 25px; margin-bottom: -8px; color: #63bc59; text-align: left;\"><strong style=\"color: #63bc59;\">Vacunaci\u00f3n<\/strong><\/h3>\n<p style=\"margin-top: 16px; margin-bottom: 25px; color: white;\">Si usted planea viajar a la Selva, la administraci\u00f3n de una vacuna contra la fiebre amarilla con 10 d\u00edas de antelaci\u00f3n es recomendable. Sin embargo, es muy importante que visite a su m\u00e9dico de cabecera y h\u00e1gale saber que usted est\u00e1 planeando un viaje a Per\u00fa y lo que \u00e9l recomienda.<br \/>\nLugares en Lima donde se encuentra la vacuna administrada en Per\u00fa:<\/p>\n<ul style=\"color: white;\">\n<li>***Aeropuerto Internacional Jorge Ch\u00e1vez (2 \u00ba piso)<\/li>\n<li>Horario de atenci\u00f3n: de lunes a domingo, las 24 horas del d\u00eda<\/li>\n<li>Tel.: +51 (01) 575-1745<\/li>\n<\/ul>\n<p>[\/vc_column_text][vc_column_text]<\/p>\n<h3 style=\"font-size: 25px; margin-bottom: -8px; color: #63bc59; text-align: left;\"><strong style=\"color: #63bc59;\">Horarios<\/strong><\/h3>\n<p style=\"margin-top: 16px; margin-bottom: 25px; color: white;\">Per\u00fa se encuentra cinco horas por debajo del Greenwich Mean Time. Per\u00fa est\u00e1 casi en la l\u00ednea ecuatorial, dejando su d\u00eda m\u00e1s o menos igual todo el a\u00f1o. Per\u00fa no reconoce el horario de verano.<\/p>\n<ul style=\"color: white;\">\n<li>Peru is five hours behind Greenwich Mean Time.<\/li>\n<li>Peru is almost on the Equator, leaving its day\u2019s roughly of equal length yeard round.<\/li>\n<li>Peru does not recognize daylight saving time.<\/li>\n<li>Lima 12:00 h<\/li>\n<li>New York 12:00 h<\/li>\n<li>Buenos Aires 14:00 h<\/li>\n<li>Londres 17:00 h<\/li>\n<li>Berlin 18:00 h<\/li>\n<li>Paris 18:00 h<\/li>\n<li>Tokio 2:00 h(*)<\/li>\n<li>Sidney 3:00 h(*)<\/li>\n<\/ul>\n<p>[\/vc_column_text][vc_column_text]<\/p>\n<h3 style=\"font-size: 25px; margin-bottom: -8px; color: #63bc59; text-align: left;\"><strong style=\"color: white;\">Moneda Peruana<\/strong> y Tarjeta de cr\u00e9dito<\/h3>\n<p style=\"margin-top: 16px; margin-bottom: 25px; color: white;\">La moneda oficial del Per\u00fa es el Nuevo Sol (S \/.) Que se divide en 100 centavos. Las monedas en circulaci\u00f3n son las cantidades de 5, 10, 20 y 50 centavos, as\u00ed como 1, 2 y 5 nuevos soles. Los billetes vienen en billetes de 10, 20, 50, 100 y 200 soles.<br \/>\nD\u00f3lar norteamericano es aceptado en la mayor\u00eda de los establecimientos comerciales, restaurantes y estaciones de servicio, al tipo de cambio actual.<br \/>\nBilletes de d\u00f3lares norteamericanos en mal estado, marcados, cortados, manchados, deteriorados o incompletos no son aceptados en ning\u00fan establecimiento, ni banco del Per\u00fa.<br \/>\nLa mayor\u00eda de los establecimientos aceptan las tarjetas de cr\u00e9dito m\u00e1s populares, tales como Visa, Mastercard, Diners y American Express.<br \/>\nLos cheques de viajero son utilizados con algunas limitaciones y en algunas ciudades no es posible cambiarlos.<br \/>\nAl pagar con tarjeta de cr\u00e9dito, aseg\u00farese de que usted s\u00f3lo paga el monto del servicio o bien adquirido.<br \/>\nNo cambie su dinero en la v\u00eda p\u00fablica.<\/p>\n<p>[\/vc_column_text][vc_column_text]<\/p>\n<h3 style=\"font-size: 25px; margin-bottom: -8px; color: #63bc59; text-align: left;\"><strong style=\"color: white;\">Energia<\/strong> El\u00e9ctrica<\/h3>\n<p style=\"margin-top: 16px; margin-bottom: 25px; color: white;\">En Per\u00fa la corriente el\u00e9ctrica es de 220 voltios. La mayor\u00eda de hoteles de cuatro y cinco estrellas ofrecen doble voltaje. 220 y 110 voltios.<\/p>\n<p>[\/vc_column_text][vc_column_text]<\/p>\n<h3 style=\"font-size: 25px; margin-bottom: -8px; color: #63bc59; text-align: left;\"><strong style=\"color: #63bc59;\">Clima<\/strong><\/h3>\n<p style=\"color: white;\">Para la costa, como Lima, Ica, Paracas y Nazca, es recomendable llevar ropa ligera, tal vez ropa deportiva, zapatillas, ropa de ba\u00f1o, pero entre los meses de Noviembre y Abril, que no es verano, la costa peruana es h\u00fameda y de bajas temperaturas por lo que debe considerar ropa de abrigo.<br \/>\nPara la sierra, como Cusco, Arequipa, Huaraz \u00f3 Puno, recomendamos llevar de d\u00eda ropa ligera, mientras que por la tarde \u2013 noche como en Cusco, Puno y Huaraz llevar casacas o chaquetas es importante. Si visitas estos lugares entre noviembre y abril es conveniente llevar ropa t\u00e9rmica e impermeable porque no se sabe cu\u00e1ndo va a llover, pero si visitas estos lugares en otras fechas, abr\u00edguese de noche.<br \/>\nPara la selva, como Manu, Tambopata o Iquitos debe considerar ropa ligera, sombreros y tal vez botas para las caminatas en la selva, pero si va a un Lodge tendr\u00e1 todo a la mano. De Noviembre a Marzo debe llevar poncho de lluvias o ropa impermeable. No se olvide de un buen repelente de mosquitos y una buena c\u00e1mara fotogr\u00e1fica.<\/p>\n<p>[\/vc_column_text][vc_column_text]<\/p>\n<h3 style=\"font-size: 25px; margin-bottom: -8px; color: #63bc59; text-align: left;\"><strong style=\"color: white;\">Adaptaci\u00f3n<\/strong> a la Altitud<\/h3>\n<p style=\"margin-top: 16px; margin-bottom: 25px; color: white;\">La altitud de diferentes lugares de Per\u00fa, fisiol\u00f3gicamente afecta a diferentes personas de diferentes maneras. Los s\u00edntomas del mal agudo de monta\u00f1a incluyen dolor de cabeza, n\u00e1useas, p\u00e9rdida del apetito, problemas para dormir y falta de energ\u00eda.<br \/>\nUsted debe ser consciente de la sequedad de Alta Monta\u00f1a y aire del desierto. El problema m\u00e1s com\u00fan que la gente experimenta es la deshidrataci\u00f3n. La deshidrataci\u00f3n es f\u00e1cilmente contrarrestada por el aumento de su consumo de l\u00edquidos. Le recomendamos beber ocho vasos de agua al d\u00eda.<br \/>\nPara ayudar a prevenir el mal de altura, se recomienda que usted siempre mantenerse bien hidratado, poco a poco se expone a mayores alturas, hacer ejercicio moderado hasta altitud aclimatado, comer una dieta que consta de al menos 70% de carbohidratos a partir del 1 a 2 d\u00edas antes de la ascensi\u00f3n, y hacer mucho de descanso. Adem\u00e1s, sugerimos que usted llegue a nuestra ciudad puerta de entrada por lo menos 1 a 2 d\u00edas antes de la primera jornada de su viaje. Y recuerde que las bebidas alcoh\u00f3licas, la cafe\u00edna y la aspirina tiende a deshidratar el sistema.<\/p>\n<p>[\/vc_column_text][vc_column_text]<\/p>\n<h3 style=\"font-size: 25px; margin-bottom: -8px; color: #63bc59; text-align: left;\"><strong style=\"color: #63bc59;\">Propinas<\/strong><\/h3>\n<p style=\"color: white;\">Nuestros pasajeros con frecuencia nos preguntan qu\u00e9 es un consejo adecuado. Como en cualquier industria de servicios, se ha encontrado que las propinas no garantizan ning\u00fan servicio consistente y excepcional sino que tambi\u00e9n proporciona un medio para que la gente exprese su agradecimiento y gratitud.<br \/>\nLas propinas son, por supuesto, siempre se deja a la discreci\u00f3n de nuestros viajeros, y variar\u00e1 seg\u00fan el nivel de servicio. Si usted siente que el nivel de servicio proporcionado por los l\u00edderes de su viaje peruanas alcanzaron o superaron sus expectativas, sin embargo, una propina adecuada a cada l\u00edder del viaje es de $ 20-30 por persona. Para la parte de nuestro viaje de campamento peruano, un adicional de $ 10 \u2013 20 por invitado es apropiado para el tiempo extra de su cocinero y porteadores gastar en la preparaci\u00f3n de comidas y deberes necesarios camping. Como se ha indicado, se recomienda hacer las propinas de base en su percepci\u00f3n de la calidad del servicio que recibe de cada gu\u00eda individual.<\/p>\n<p>[\/vc_column_text][\/vc_column][\/vc_row][vc_row][vc_column]<div class=\"qodef-image-gallery  qodef-ig-grid-type qodef-no-space  qodef-image-behavior-lightbox\">\n\t<div class=\"qodef-ig-inner qodef-outer-space qodef-ig-grid qodef-ig-six-columns\">\n\t\t\t\t\t<div class=\"qodef-ig-image qodef-item-space\">\n\t\t\t\t<div class=\"qodef-ig-image-inner\">\n\t\t\t\t\t\t\t\t\t\t\t<a itemprop=\"image\" class=\"qodef-ig-lightbox\" href=\"https:\/\/peruniquedestination.com\/wp-content\/uploads\/2019\/03\/tour-machupicchu-peru-unique-destination.jpg\" data-rel=\"prettyPhoto[image_gallery_pretty_photo-41]\" title=\"tour-machupicchu-peru-unique-destination\">\n\t\t\t\t\t\t\t\t\t\t\t<img loading=\"lazy\" decoding=\"async\" width=\"600\" height=\"530\" src=\"https:\/\/peruniquedestination.com\/wp-content\/uploads\/2019\/03\/tour-machupicchu-peru-unique-destination.jpg\" class=\"attachment-full size-full\" alt=\"\" srcset=\"https:\/\/peruniquedestination.com\/wp-content\/uploads\/2019\/03\/tour-machupicchu-peru-unique-destination.jpg 600w, https:\/\/peruniquedestination.com\/wp-content\/uploads\/2019\/03\/tour-machupicchu-peru-unique-destination-300x265.jpg 300w\" sizes=\"(max-width: 600px) 100vw, 600px\" \/>\t\t\t\t\t\t\t\t\t\t\t<\/a>\n\t\t\t\t\t\t\t\t\t<\/div>\n\t\t\t<\/div>\n\t\t\t\t\t<div class=\"qodef-ig-image qodef-item-space\">\n\t\t\t\t<div class=\"qodef-ig-image-inner\">\n\t\t\t\t\t\t\t\t\t\t\t<a itemprop=\"image\" class=\"qodef-ig-lightbox\" href=\"https:\/\/peruniquedestination.com\/wp-content\/uploads\/2019\/03\/tour-san-blas-unique-destination.jpg\" data-rel=\"prettyPhoto[image_gallery_pretty_photo-41]\" title=\"tour-san-blas-unique-destination\">\n\t\t\t\t\t\t\t\t\t\t\t<img loading=\"lazy\" decoding=\"async\" width=\"600\" height=\"530\" src=\"https:\/\/peruniquedestination.com\/wp-content\/uploads\/2019\/03\/tour-san-blas-unique-destination.jpg\" class=\"attachment-full size-full\" alt=\"\" srcset=\"https:\/\/peruniquedestination.com\/wp-content\/uploads\/2019\/03\/tour-san-blas-unique-destination.jpg 600w, https:\/\/peruniquedestination.com\/wp-content\/uploads\/2019\/03\/tour-san-blas-unique-destination-300x265.jpg 300w\" sizes=\"(max-width: 600px) 100vw, 600px\" \/>\t\t\t\t\t\t\t\t\t\t\t<\/a>\n\t\t\t\t\t\t\t\t\t<\/div>\n\t\t\t<\/div>\n\t\t\t\t\t<div class=\"qodef-ig-image qodef-item-space\">\n\t\t\t\t<div class=\"qodef-ig-image-inner\">\n\t\t\t\t\t\t\t\t\t\t\t<a itemprop=\"image\" class=\"qodef-ig-lightbox\" href=\"https:\/\/peruniquedestination.com\/wp-content\/uploads\/2019\/03\/tour-inti-raymi-peru-unique-destination.jpg\" data-rel=\"prettyPhoto[image_gallery_pretty_photo-41]\" title=\"tour-inti-raymi-peru-unique-destination\">\n\t\t\t\t\t\t\t\t\t\t\t<img loading=\"lazy\" decoding=\"async\" width=\"600\" height=\"530\" src=\"https:\/\/peruniquedestination.com\/wp-content\/uploads\/2019\/03\/tour-inti-raymi-peru-unique-destination.jpg\" class=\"attachment-full size-full\" alt=\"\" srcset=\"https:\/\/peruniquedestination.com\/wp-content\/uploads\/2019\/03\/tour-inti-raymi-peru-unique-destination.jpg 600w, https:\/\/peruniquedestination.com\/wp-content\/uploads\/2019\/03\/tour-inti-raymi-peru-unique-destination-300x265.jpg 300w\" sizes=\"(max-width: 600px) 100vw, 600px\" \/>\t\t\t\t\t\t\t\t\t\t\t<\/a>\n\t\t\t\t\t\t\t\t\t<\/div>\n\t\t\t<\/div>\n\t\t\t\t\t<div class=\"qodef-ig-image qodef-item-space\">\n\t\t\t\t<div class=\"qodef-ig-image-inner\">\n\t\t\t\t\t\t\t\t\t\t\t<a itemprop=\"image\" class=\"qodef-ig-lightbox\" href=\"https:\/\/peruniquedestination.com\/wp-content\/uploads\/2019\/03\/tour-mistico-peru-unique-destination.jpg\" data-rel=\"prettyPhoto[image_gallery_pretty_photo-41]\" title=\"tour-mistico-peru-unique-destination\">\n\t\t\t\t\t\t\t\t\t\t\t<img loading=\"lazy\" decoding=\"async\" width=\"600\" height=\"530\" src=\"https:\/\/peruniquedestination.com\/wp-content\/uploads\/2019\/03\/tour-mistico-peru-unique-destination.jpg\" class=\"attachment-full size-full\" alt=\"\" srcset=\"https:\/\/peruniquedestination.com\/wp-content\/uploads\/2019\/03\/tour-mistico-peru-unique-destination.jpg 600w, https:\/\/peruniquedestination.com\/wp-content\/uploads\/2019\/03\/tour-mistico-peru-unique-destination-300x265.jpg 300w\" sizes=\"(max-width: 600px) 100vw, 600px\" \/>\t\t\t\t\t\t\t\t\t\t\t<\/a>\n\t\t\t\t\t\t\t\t\t<\/div>\n\t\t\t<\/div>\n\t\t\t\t\t<div class=\"qodef-ig-image qodef-item-space\">\n\t\t\t\t<div class=\"qodef-ig-image-inner\">\n\t\t\t\t\t\t\t\t\t\t\t<a itemprop=\"image\" class=\"qodef-ig-lightbox\" href=\"https:\/\/peruniquedestination.com\/wp-content\/uploads\/2019\/03\/tour-cultivo-papa-peru-unique-destination.jpg\" data-rel=\"prettyPhoto[image_gallery_pretty_photo-41]\" title=\"tour-cultivo-papa-peru-unique-destination\">\n\t\t\t\t\t\t\t\t\t\t\t<img loading=\"lazy\" decoding=\"async\" width=\"600\" height=\"530\" src=\"https:\/\/peruniquedestination.com\/wp-content\/uploads\/2019\/03\/tour-cultivo-papa-peru-unique-destination.jpg\" class=\"attachment-full size-full\" alt=\"\" srcset=\"https:\/\/peruniquedestination.com\/wp-content\/uploads\/2019\/03\/tour-cultivo-papa-peru-unique-destination.jpg 600w, https:\/\/peruniquedestination.com\/wp-content\/uploads\/2019\/03\/tour-cultivo-papa-peru-unique-destination-300x265.jpg 300w\" sizes=\"(max-width: 600px) 100vw, 600px\" \/>\t\t\t\t\t\t\t\t\t\t\t<\/a>\n\t\t\t\t\t\t\t\t\t<\/div>\n\t\t\t<\/div>\n\t\t\t\t\t<div class=\"qodef-ig-image qodef-item-space\">\n\t\t\t\t<div class=\"qodef-ig-image-inner\">\n\t\t\t\t\t\t\t\t\t\t\t<a itemprop=\"image\" class=\"qodef-ig-lightbox\" href=\"https:\/\/peruniquedestination.com\/wp-content\/uploads\/2019\/03\/tour-chinchero-peru-unique-destination.jpg\" data-rel=\"prettyPhoto[image_gallery_pretty_photo-41]\" title=\"tour-chinchero-peru-unique-destination\">\n\t\t\t\t\t\t\t\t\t\t\t<img loading=\"lazy\" decoding=\"async\" width=\"600\" height=\"530\" src=\"https:\/\/peruniquedestination.com\/wp-content\/uploads\/2019\/03\/tour-chinchero-peru-unique-destination.jpg\" class=\"attachment-full size-full\" alt=\"\" srcset=\"https:\/\/peruniquedestination.com\/wp-content\/uploads\/2019\/03\/tour-chinchero-peru-unique-destination.jpg 600w, https:\/\/peruniquedestination.com\/wp-content\/uploads\/2019\/03\/tour-chinchero-peru-unique-destination-300x265.jpg 300w\" sizes=\"(max-width: 600px) 100vw, 600px\" \/>\t\t\t\t\t\t\t\t\t\t\t<\/a>\n\t\t\t\t\t\t\t\t\t<\/div>\n\t\t\t<\/div>\n\t\t\t<\/div>\n<\/div>[\/vc_column][\/vc_row]<\/p>\n","protected":false},"excerpt":{"rendered":"<p>[vc_row][vc_column css=\u00bb.vc_custom_1504102479241{padding-top: 0px !important;}\u00bb][vc_column_text css=\u00bb.vc_custom_1551900658320{padding-top: 50px !important;padding-bottom: 20px !important;}\u00bb] [\/vc_column_text][\/vc_column][\/vc_row][vc_row equal_height=\u00bbyes\u00bb content_placement=\u00bbmiddle\u00bb row_content_width=\u00bbgrid\u00bb css=\u00bb.vc_custom_1554228372525{padding-top: 0px !important;padding-bottom: 20px !important;}\u00bb][vc_column offset=\u00bbvc_col-lg-12 vc_col-md-12&#8243;][vc_column_text] Pasaportes y Visas UEE.UU., Canad\u00e1 y Europa Occidental, los ciudadanos no requieren visa para ingresar al Per\u00fa, s\u00f3lo un pasaporte v\u00e1lido. Los viajeros que requieren una visa pueden obtener una a trav\u00e9s de la [&hellip;]<\/p>\n","protected":false},"author":2,"featured_media":0,"parent":0,"menu_order":0,"comment_status":"closed","ping_status":"closed","template":"full-width.php","meta":{"footnotes":""},"yoast_head":"<!-- This site is optimized with the Yoast SEO plugin v21.7 - https:\/\/yoast.com\/wordpress\/plugins\/seo\/ -->\n<title>Tips - PUD<\/title>\n<meta name=\"robots\" content=\"index, follow, max-snippet:-1, max-image-preview:large, max-video-preview:-1\" \/>\n<link rel=\"canonical\" href=\"https:\/\/peruniquedestination.com\/tips\/\" \/>\n<meta property=\"og:locale\" content=\"es_ES\" \/>\n<meta property=\"og:type\" content=\"article\" \/>\n<meta property=\"og:title\" content=\"Tips - PUD\" \/>\n<meta property=\"og:description\" content=\"[vc_row][vc_column css=\u00bb.vc_custom_1504102479241{padding-top: 0px !important;}\u00bb][vc_column_text css=\u00bb.vc_custom_1551900658320{padding-top: 50px !important;padding-bottom: 20px !important;}\u00bb] [\/vc_column_text][\/vc_column][\/vc_row][vc_row equal_height=\u00bbyes\u00bb content_placement=\u00bbmiddle\u00bb row_content_width=\u00bbgrid\u00bb css=\u00bb.vc_custom_1554228372525{padding-top: 0px !important;padding-bottom: 20px !important;}\u00bb][vc_column offset=\u00bbvc_col-lg-12 vc_col-md-12&#8243;][vc_column_text] Pasaportes y Visas UEE.UU., Canad\u00e1 y Europa Occidental, los ciudadanos no requieren visa para ingresar al Per\u00fa, s\u00f3lo un pasaporte v\u00e1lido. Los viajeros que requieren una visa pueden obtener una a trav\u00e9s de la [&hellip;]\" \/>\n<meta property=\"og:url\" content=\"https:\/\/peruniquedestination.com\/tips\/\" \/>\n<meta property=\"og:site_name\" content=\"PUD\" \/>\n<meta property=\"article:modified_time\" content=\"2019-04-02T18:06:20+00:00\" \/>\n<meta property=\"og:image\" content=\"http:\/\/peruniquedestination.com\/wp-content\/uploads\/2018\/09\/logo-blanco.png\" \/>\n<meta name=\"twitter:card\" content=\"summary_large_image\" \/>\n<meta name=\"twitter:label1\" content=\"Tiempo de lectura\" \/>\n\t<meta name=\"twitter:data1\" content=\"6 minutos\" \/>\n<script type=\"application\/ld+json\" class=\"yoast-schema-graph\">{\"@context\":\"https:\/\/schema.org\",\"@graph\":[{\"@type\":\"WebPage\",\"@id\":\"https:\/\/peruniquedestination.com\/tips\/\",\"url\":\"https:\/\/peruniquedestination.com\/tips\/\",\"name\":\"Tips - PUD\",\"isPartOf\":{\"@id\":\"https:\/\/peruniquedestination.com\/#website\"},\"datePublished\":\"2017-09-08T07:53:48+00:00\",\"dateModified\":\"2019-04-02T18:06:20+00:00\",\"breadcrumb\":{\"@id\":\"https:\/\/peruniquedestination.com\/tips\/#breadcrumb\"},\"inLanguage\":\"es\",\"potentialAction\":[{\"@type\":\"ReadAction\",\"target\":[\"https:\/\/peruniquedestination.com\/tips\/\"]}]},{\"@type\":\"BreadcrumbList\",\"@id\":\"https:\/\/peruniquedestination.com\/tips\/#breadcrumb\",\"itemListElement\":[{\"@type\":\"ListItem\",\"position\":1,\"name\":\"Portada\",\"item\":\"https:\/\/peruniquedestination.com\/\"},{\"@type\":\"ListItem\",\"position\":2,\"name\":\"Tips\"}]},{\"@type\":\"WebSite\",\"@id\":\"https:\/\/peruniquedestination.com\/#website\",\"url\":\"https:\/\/peruniquedestination.com\/\",\"name\":\"PUD\",\"description\":\"The best place to enjoy your travel\",\"potentialAction\":[{\"@type\":\"SearchAction\",\"target\":{\"@type\":\"EntryPoint\",\"urlTemplate\":\"https:\/\/peruniquedestination.com\/?s={search_term_string}\"},\"query-input\":\"required name=search_term_string\"}],\"inLanguage\":\"es\"}]}<\/script>\n<!-- \/ Yoast SEO plugin. -->","yoast_head_json":{"title":"Tips - PUD","robots":{"index":"index","follow":"follow","max-snippet":"max-snippet:-1","max-image-preview":"max-image-preview:large","max-video-preview":"max-video-preview:-1"},"canonical":"https:\/\/peruniquedestination.com\/tips\/","og_locale":"es_ES","og_type":"article","og_title":"Tips - PUD","og_description":"[vc_row][vc_column css=\u00bb.vc_custom_1504102479241{padding-top: 0px !important;}\u00bb][vc_column_text css=\u00bb.vc_custom_1551900658320{padding-top: 50px !important;padding-bottom: 20px !important;}\u00bb] [\/vc_column_text][\/vc_column][\/vc_row][vc_row equal_height=\u00bbyes\u00bb content_placement=\u00bbmiddle\u00bb row_content_width=\u00bbgrid\u00bb css=\u00bb.vc_custom_1554228372525{padding-top: 0px !important;padding-bottom: 20px !important;}\u00bb][vc_column offset=\u00bbvc_col-lg-12 vc_col-md-12&#8243;][vc_column_text] Pasaportes y Visas UEE.UU., Canad\u00e1 y Europa Occidental, los ciudadanos no requieren visa para ingresar al Per\u00fa, s\u00f3lo un pasaporte v\u00e1lido. Los viajeros que requieren una visa pueden obtener una a trav\u00e9s de la [&hellip;]","og_url":"https:\/\/peruniquedestination.com\/tips\/","og_site_name":"PUD","article_modified_time":"2019-04-02T18:06:20+00:00","og_image":[{"url":"http:\/\/peruniquedestination.com\/wp-content\/uploads\/2018\/09\/logo-blanco.png"}],"twitter_card":"summary_large_image","twitter_misc":{"Tiempo de lectura":"6 minutos"},"schema":{"@context":"https:\/\/schema.org","@graph":[{"@type":"WebPage","@id":"https:\/\/peruniquedestination.com\/tips\/","url":"https:\/\/peruniquedestination.com\/tips\/","name":"Tips - PUD","isPartOf":{"@id":"https:\/\/peruniquedestination.com\/#website"},"datePublished":"2017-09-08T07:53:48+00:00","dateModified":"2019-04-02T18:06:20+00:00","breadcrumb":{"@id":"https:\/\/peruniquedestination.com\/tips\/#breadcrumb"},"inLanguage":"es","potentialAction":[{"@type":"ReadAction","target":["https:\/\/peruniquedestination.com\/tips\/"]}]},{"@type":"BreadcrumbList","@id":"https:\/\/peruniquedestination.com\/tips\/#breadcrumb","itemListElement":[{"@type":"ListItem","position":1,"name":"Portada","item":"https:\/\/peruniquedestination.com\/"},{"@type":"ListItem","position":2,"name":"Tips"}]},{"@type":"WebSite","@id":"https:\/\/peruniquedestination.com\/#website","url":"https:\/\/peruniquedestination.com\/","name":"PUD","description":"The best place to enjoy your travel","potentialAction":[{"@type":"SearchAction","target":{"@type":"EntryPoint","urlTemplate":"https:\/\/peruniquedestination.com\/?s={search_term_string}"},"query-input":"required name=search_term_string"}],"inLanguage":"es"}]}},"_links":{"self":[{"href":"https:\/\/peruniquedestination.com\/es\/wp-json\/wp\/v2\/pages\/4991"}],"collection":[{"href":"https:\/\/peruniquedestination.com\/es\/wp-json\/wp\/v2\/pages"}],"about":[{"href":"https:\/\/peruniquedestination.com\/es\/wp-json\/wp\/v2\/types\/page"}],"author":[{"embeddable":true,"href":"https:\/\/peruniquedestination.com\/es\/wp-json\/wp\/v2\/users\/2"}],"replies":[{"embeddable":true,"href":"https:\/\/peruniquedestination.com\/es\/wp-json\/wp\/v2\/comments?post=4991"}],"version-history":[{"count":0,"href":"https:\/\/peruniquedestination.com\/es\/wp-json\/wp\/v2\/pages\/4991\/revisions"}],"wp:attachment":[{"href":"https:\/\/peruniquedestination.com\/es\/wp-json\/wp\/v2\/media?parent=4991"}],"curies":[{"name":"wp","href":"https:\/\/api.w.org\/{rel}","templated":true}]}}