{"id":5003,"date":"2017-09-08T07:53:48","date_gmt":"2017-09-08T07:53:48","guid":{"rendered":"http:\/\/peruniquedestination.com\/contact\/"},"modified":"2019-04-02T18:08:17","modified_gmt":"2019-04-02T18:08:17","slug":"contactanos","status":"publish","type":"page","link":"https:\/\/peruniquedestination.com\/es\/contactanos\/","title":{"rendered":"Cont\u00e1ctanos"},"content":{"rendered":"<p>[vc_row][vc_column css=\u00bb.vc_custom_1504102479241{padding-top: 0px !important;}\u00bb]<div class=\"qodef-google-map-holder\">\n\t<div class=\"qodef-google-map\" id=\"qodef-map-2064060\" data-addresses='[\"Peru unique destination, cusco\"]' data-custom-map-style=no data-color-overlay=#393939 data-saturation=-100 data-lightness=-60 data-zoom=16 data-pin=https:\/\/peruniquedestination.com\/wp-content\/uploads\/2019\/03\/maps-and-flags-2.png data-unique-id=2064060 data-scroll-wheel=no data-height=500 ><\/div>\n\t\t\t<div class=\"qodef-google-map-overlay\"><\/div>\n\t<\/div>\n[\/vc_column][\/vc_row][vc_row equal_height=\u00bbyes\u00bb content_placement=\u00bbmiddle\u00bb row_content_width=\u00bbgrid\u00bb css=\u00bb.vc_custom_1504858569016{padding-top: 70px !important;padding-bottom: 60px !important;}\u00bb][vc_column width=\u00bb3\/4&#8243; offset=\u00bbvc_col-lg-5 vc_col-md-7&#8243;]<div class=\"qodef-elements-holder   qodef-one-column  qodef-responsive-mode-768 \" ><div class=\"qodef-eh-item     \"  data-item-class=\"qodef-eh-custom-2185\" data-768-1024=\"0 0\" data-680-768=\"0 0\" data-680=\"0 0\">\n\t<div class=\"qodef-eh-item-inner\">\n\t\t<div class=\"qodef-eh-item-content qodef-eh-custom-2185\" style=\"padding: 0 8% 0 0\">\n\t\t\t[vc_raw_html]JTVCY29udGFjdC1mb3JtLTclMjBpZCUzRCUyMjUwMDclMjIlMjB0aXRsZSUzRCUyMkNvbnRhY3QlMjBGb3JtJTIwMV9Fc3BhJUMzJUIxb2wlMjIlNUQ=[\/vc_raw_html]\t\t<\/div>\n\t<\/div>\n\t<\/div><\/div>[\/vc_column][vc_column offset=\u00bbvc_col-lg-7 vc_col-md-12&#8243;]<div class=\"qodef-elements-holder   qodef-one-column  qodef-responsive-mode-768 \" ><div class=\"qodef-eh-item     \"  data-item-class=\"qodef-eh-custom-2383\" data-1024-1280=\"0 0 6.6% 0\" data-768-1024=\"0 0 3.5%\" data-680-768=\"0 0 5%\" data-680=\"0 0 11% 0\">\n\t<div class=\"qodef-eh-item-inner\">\n\t\t<div class=\"qodef-eh-item-content qodef-eh-custom-2383\" style=\"padding: 0 0 9.8% 0\">\n\t\t\t[vc_column_text]<\/p>\n<h3 style=\"font-size: 25px; margin-bottom: -8px; color: #63bc59; text-align: center;\"><strong style=\"color: white;\">Cont\u00e1ctanos<\/strong> o Visitanos<\/h3>\n<p style=\"text-align: center;\"><em><span class=\"change-second-color\" style=\"color: #63bc59; font-family: Montserrat, sans-serif; text-align: center;\">\u00bfEstas listo para una gran aventura?<\/span><\/em><\/p>\n<div style=\"display: block; margin: 0 auto; width: fit-content;\"><img decoding=\"async\" src=\"http:\/\/peruniquedestination.com\/wp-content\/uploads\/2018\/09\/logo-blanco.png\" width=\"200\" \/><\/div>\n<p style=\"margin-top: 16px; margin-bottom: 25px; color: white;\">Somos una agencia especializada en turismo receptivo que atiende pasajeros individuales y grupos con acomodaci\u00f3n en 3, 4 y 5 estrellas; con operaciones de turismo tradicional a nivel nacional.<br \/>\nNuestra vasta experiencia nos permite ofrecer programas con las especialidades en Treks de Aventura, Observaci\u00f3n de Aves y Orqu\u00eddeas; Y con verdaderas inmersiones en el gran mundo de la gastronom\u00eda peruana.<br \/>\nSiendo una agencia familiar boutique podemos brindar servicios exclusivos y personalizados as\u00ed como ofrecer todo nuestro compromiso y dedicaci\u00f3n con una atenci\u00f3n esmerada y la tarifa m\u00e1s justa para nuestros clientes como para nuestros colaboradores.<\/p>\n<p>[\/vc_column_text]    <span class=\"qodef-icon-shortcode qodef-normal   \"  data-hover-color=\"#000000\" data-color=\"#ffffff\">\n                    <a itemprop=\"url\" class=\"\" href=\"https:\/\/www.youtube.com\/channel\/UC5Hngboz2_oKV0b-vEOMy-A\" target=\"_blank\">\n                    <span aria-hidden=\"true\" class=\"qodef-icon-font-elegant social_youtube qodef-icon-element\" style=\"color: #ffffff;font-size:17px\" ><\/span>                    <\/a>\n            <\/span>\n    <span class=\"qodef-icon-shortcode qodef-normal   \" style=\"margin: 0 12px 0 10px\" data-hover-color=\"#000000\" data-color=\"#ffffff\">\n                    <a itemprop=\"url\" class=\"\" href=\"https:\/\/www.facebook.com\/PeruUniqueDestination\/\" target=\"_blank\">\n                    <span aria-hidden=\"true\" class=\"qodef-icon-font-elegant social_facebook qodef-icon-element\" style=\"color: #ffffff;font-size:15px\" ><\/span>                    <\/a>\n            <\/span>\n    <span class=\"qodef-icon-shortcode qodef-normal   \"  data-hover-color=\"#000000\" data-color=\"#ffffff\">\n                    <a itemprop=\"url\" class=\"\" href=\"https:\/\/www.instagram.com\/peruniquedestination\/?hl=es-la\" target=\"_self\">\n                    <i class=\"qodef-icon-font-awesome fa fa-instagram qodef-icon-element\" style=\"color: #ffffff;font-size:20px\" ><\/i>                    <\/a>\n            <\/span>\n\t\t<\/div>\n\t<\/div>\n\t<\/div><\/div>[\/vc_column][\/vc_row][vc_row][vc_column]<div class=\"qodef-image-gallery  qodef-ig-grid-type qodef-no-space  qodef-image-behavior-lightbox\">\n\t<div class=\"qodef-ig-inner qodef-outer-space qodef-ig-grid qodef-ig-six-columns\">\n\t\t\t\t\t<div class=\"qodef-ig-image qodef-item-space\">\n\t\t\t\t<div class=\"qodef-ig-image-inner\">\n\t\t\t\t\t\t\t\t\t\t\t<a itemprop=\"image\" class=\"qodef-ig-lightbox\" href=\"https:\/\/peruniquedestination.com\/wp-content\/uploads\/2019\/03\/tour-machupicchu-peru-unique-destination.jpg\" data-rel=\"prettyPhoto[image_gallery_pretty_photo-886]\" title=\"tour-machupicchu-peru-unique-destination\">\n\t\t\t\t\t\t\t\t\t\t\t<img loading=\"lazy\" decoding=\"async\" width=\"600\" height=\"530\" src=\"https:\/\/peruniquedestination.com\/wp-content\/uploads\/2019\/03\/tour-machupicchu-peru-unique-destination.jpg\" class=\"attachment-full size-full\" alt=\"\" srcset=\"https:\/\/peruniquedestination.com\/wp-content\/uploads\/2019\/03\/tour-machupicchu-peru-unique-destination.jpg 600w, https:\/\/peruniquedestination.com\/wp-content\/uploads\/2019\/03\/tour-machupicchu-peru-unique-destination-300x265.jpg 300w\" sizes=\"(max-width: 600px) 100vw, 600px\" \/>\t\t\t\t\t\t\t\t\t\t\t<\/a>\n\t\t\t\t\t\t\t\t\t<\/div>\n\t\t\t<\/div>\n\t\t\t\t\t<div class=\"qodef-ig-image qodef-item-space\">\n\t\t\t\t<div class=\"qodef-ig-image-inner\">\n\t\t\t\t\t\t\t\t\t\t\t<a itemprop=\"image\" class=\"qodef-ig-lightbox\" href=\"https:\/\/peruniquedestination.com\/wp-content\/uploads\/2019\/03\/tour-san-blas-unique-destination.jpg\" data-rel=\"prettyPhoto[image_gallery_pretty_photo-886]\" title=\"tour-san-blas-unique-destination\">\n\t\t\t\t\t\t\t\t\t\t\t<img loading=\"lazy\" decoding=\"async\" width=\"600\" height=\"530\" src=\"https:\/\/peruniquedestination.com\/wp-content\/uploads\/2019\/03\/tour-san-blas-unique-destination.jpg\" class=\"attachment-full size-full\" alt=\"\" srcset=\"https:\/\/peruniquedestination.com\/wp-content\/uploads\/2019\/03\/tour-san-blas-unique-destination.jpg 600w, https:\/\/peruniquedestination.com\/wp-content\/uploads\/2019\/03\/tour-san-blas-unique-destination-300x265.jpg 300w\" sizes=\"(max-width: 600px) 100vw, 600px\" \/>\t\t\t\t\t\t\t\t\t\t\t<\/a>\n\t\t\t\t\t\t\t\t\t<\/div>\n\t\t\t<\/div>\n\t\t\t\t\t<div class=\"qodef-ig-image qodef-item-space\">\n\t\t\t\t<div class=\"qodef-ig-image-inner\">\n\t\t\t\t\t\t\t\t\t\t\t<a itemprop=\"image\" class=\"qodef-ig-lightbox\" href=\"https:\/\/peruniquedestination.com\/wp-content\/uploads\/2019\/03\/tour-inti-raymi-peru-unique-destination.jpg\" data-rel=\"prettyPhoto[image_gallery_pretty_photo-886]\" title=\"tour-inti-raymi-peru-unique-destination\">\n\t\t\t\t\t\t\t\t\t\t\t<img loading=\"lazy\" decoding=\"async\" width=\"600\" height=\"530\" src=\"https:\/\/peruniquedestination.com\/wp-content\/uploads\/2019\/03\/tour-inti-raymi-peru-unique-destination.jpg\" class=\"attachment-full size-full\" alt=\"\" srcset=\"https:\/\/peruniquedestination.com\/wp-content\/uploads\/2019\/03\/tour-inti-raymi-peru-unique-destination.jpg 600w, https:\/\/peruniquedestination.com\/wp-content\/uploads\/2019\/03\/tour-inti-raymi-peru-unique-destination-300x265.jpg 300w\" sizes=\"(max-width: 600px) 100vw, 600px\" \/>\t\t\t\t\t\t\t\t\t\t\t<\/a>\n\t\t\t\t\t\t\t\t\t<\/div>\n\t\t\t<\/div>\n\t\t\t\t\t<div class=\"qodef-ig-image qodef-item-space\">\n\t\t\t\t<div class=\"qodef-ig-image-inner\">\n\t\t\t\t\t\t\t\t\t\t\t<a itemprop=\"image\" class=\"qodef-ig-lightbox\" href=\"https:\/\/peruniquedestination.com\/wp-content\/uploads\/2019\/03\/tour-mistico-peru-unique-destination.jpg\" data-rel=\"prettyPhoto[image_gallery_pretty_photo-886]\" title=\"tour-mistico-peru-unique-destination\">\n\t\t\t\t\t\t\t\t\t\t\t<img loading=\"lazy\" decoding=\"async\" width=\"600\" height=\"530\" src=\"https:\/\/peruniquedestination.com\/wp-content\/uploads\/2019\/03\/tour-mistico-peru-unique-destination.jpg\" class=\"attachment-full size-full\" alt=\"\" srcset=\"https:\/\/peruniquedestination.com\/wp-content\/uploads\/2019\/03\/tour-mistico-peru-unique-destination.jpg 600w, https:\/\/peruniquedestination.com\/wp-content\/uploads\/2019\/03\/tour-mistico-peru-unique-destination-300x265.jpg 300w\" sizes=\"(max-width: 600px) 100vw, 600px\" \/>\t\t\t\t\t\t\t\t\t\t\t<\/a>\n\t\t\t\t\t\t\t\t\t<\/div>\n\t\t\t<\/div>\n\t\t\t\t\t<div class=\"qodef-ig-image qodef-item-space\">\n\t\t\t\t<div class=\"qodef-ig-image-inner\">\n\t\t\t\t\t\t\t\t\t\t\t<a itemprop=\"image\" class=\"qodef-ig-lightbox\" href=\"https:\/\/peruniquedestination.com\/wp-content\/uploads\/2019\/03\/tour-cultivo-papa-peru-unique-destination.jpg\" data-rel=\"prettyPhoto[image_gallery_pretty_photo-886]\" title=\"tour-cultivo-papa-peru-unique-destination\">\n\t\t\t\t\t\t\t\t\t\t\t<img loading=\"lazy\" decoding=\"async\" width=\"600\" height=\"530\" src=\"https:\/\/peruniquedestination.com\/wp-content\/uploads\/2019\/03\/tour-cultivo-papa-peru-unique-destination.jpg\" class=\"attachment-full size-full\" alt=\"\" srcset=\"https:\/\/peruniquedestination.com\/wp-content\/uploads\/2019\/03\/tour-cultivo-papa-peru-unique-destination.jpg 600w, https:\/\/peruniquedestination.com\/wp-content\/uploads\/2019\/03\/tour-cultivo-papa-peru-unique-destination-300x265.jpg 300w\" sizes=\"(max-width: 600px) 100vw, 600px\" \/>\t\t\t\t\t\t\t\t\t\t\t<\/a>\n\t\t\t\t\t\t\t\t\t<\/div>\n\t\t\t<\/div>\n\t\t\t\t\t<div class=\"qodef-ig-image qodef-item-space\">\n\t\t\t\t<div class=\"qodef-ig-image-inner\">\n\t\t\t\t\t\t\t\t\t\t\t<a itemprop=\"image\" class=\"qodef-ig-lightbox\" href=\"https:\/\/peruniquedestination.com\/wp-content\/uploads\/2019\/03\/tour-chinchero-peru-unique-destination.jpg\" data-rel=\"prettyPhoto[image_gallery_pretty_photo-886]\" title=\"tour-chinchero-peru-unique-destination\">\n\t\t\t\t\t\t\t\t\t\t\t<img loading=\"lazy\" decoding=\"async\" width=\"600\" height=\"530\" src=\"https:\/\/peruniquedestination.com\/wp-content\/uploads\/2019\/03\/tour-chinchero-peru-unique-destination.jpg\" class=\"attachment-full size-full\" alt=\"\" srcset=\"https:\/\/peruniquedestination.com\/wp-content\/uploads\/2019\/03\/tour-chinchero-peru-unique-destination.jpg 600w, https:\/\/peruniquedestination.com\/wp-content\/uploads\/2019\/03\/tour-chinchero-peru-unique-destination-300x265.jpg 300w\" sizes=\"(max-width: 600px) 100vw, 600px\" \/>\t\t\t\t\t\t\t\t\t\t\t<\/a>\n\t\t\t\t\t\t\t\t\t<\/div>\n\t\t\t<\/div>\n\t\t\t<\/div>\n<\/div>[\/vc_column][\/vc_row]<\/p>\n","protected":false},"excerpt":{"rendered":"<p>[vc_row][vc_column css=\u00bb.vc_custom_1504102479241{padding-top: 0px !important;}\u00bb][\/vc_column][\/vc_row][vc_row equal_height=\u00bbyes\u00bb content_placement=\u00bbmiddle\u00bb row_content_width=\u00bbgrid\u00bb css=\u00bb.vc_custom_1504858569016{padding-top: 70px !important;padding-bottom: 60px !important;}\u00bb][vc_column width=\u00bb3\/4&#8243; offset=\u00bbvc_col-lg-5 vc_col-md-7&#8243;][\/vc_column][vc_column offset=\u00bbvc_col-lg-7 vc_col-md-12&#8243;][\/vc_column][\/vc_row][vc_row][vc_column][\/vc_column][\/vc_row]<\/p>\n","protected":false},"author":2,"featured_media":0,"parent":0,"menu_order":0,"comment_status":"closed","ping_status":"closed","template":"full-width.php","meta":{"footnotes":""},"yoast_head":"<!-- This site is optimized with the Yoast SEO plugin v21.7 - https:\/\/yoast.com\/wordpress\/plugins\/seo\/ -->\n<title>Cont\u00e1ctanos - PUD<\/title>\n<meta name=\"robots\" content=\"index, follow, max-snippet:-1, max-image-preview:large, max-video-preview:-1\" \/>\n<link rel=\"canonical\" href=\"https:\/\/peruniquedestination.com\/contact\/\" \/>\n<meta property=\"og:locale\" content=\"es_ES\" \/>\n<meta property=\"og:type\" content=\"article\" \/>\n<meta property=\"og:title\" content=\"Cont\u00e1ctanos - PUD\" \/>\n<meta property=\"og:description\" content=\"[vc_row][vc_column css=\u00bb.vc_custom_1504102479241{padding-top: 0px !important;}\u00bb][\/vc_column][\/vc_row][vc_row equal_height=\u00bbyes\u00bb content_placement=\u00bbmiddle\u00bb row_content_width=\u00bbgrid\u00bb css=\u00bb.vc_custom_1504858569016{padding-top: 70px !important;padding-bottom: 60px !important;}\u00bb][vc_column width=\u00bb3\/4&#8243; offset=\u00bbvc_col-lg-5 vc_col-md-7&#8243;][\/vc_column][vc_column offset=\u00bbvc_col-lg-7 vc_col-md-12&#8243;][\/vc_column][\/vc_row][vc_row][vc_column][\/vc_column][\/vc_row]\" \/>\n<meta property=\"og:url\" content=\"https:\/\/peruniquedestination.com\/contact\/\" \/>\n<meta property=\"og:site_name\" content=\"PUD\" \/>\n<meta property=\"article:modified_time\" content=\"2019-04-02T18:08:17+00:00\" \/>\n<meta property=\"og:image\" content=\"http:\/\/peruniquedestination.com\/wp-content\/uploads\/2018\/09\/logo-blanco.png\" \/>\n<meta name=\"twitter:card\" content=\"summary_large_image\" \/>\n<meta name=\"twitter:label1\" content=\"Tiempo de lectura\" \/>\n\t<meta name=\"twitter:data1\" content=\"2 minutos\" \/>\n<script type=\"application\/ld+json\" class=\"yoast-schema-graph\">{\"@context\":\"https:\/\/schema.org\",\"@graph\":[{\"@type\":\"WebPage\",\"@id\":\"https:\/\/peruniquedestination.com\/contact\/\",\"url\":\"https:\/\/peruniquedestination.com\/contact\/\",\"name\":\"Cont\u00e1ctanos - PUD\",\"isPartOf\":{\"@id\":\"https:\/\/peruniquedestination.com\/#website\"},\"datePublished\":\"2017-09-08T07:53:48+00:00\",\"dateModified\":\"2019-04-02T18:08:17+00:00\",\"breadcrumb\":{\"@id\":\"https:\/\/peruniquedestination.com\/contact\/#breadcrumb\"},\"inLanguage\":\"es\",\"potentialAction\":[{\"@type\":\"ReadAction\",\"target\":[\"https:\/\/peruniquedestination.com\/contact\/\"]}]},{\"@type\":\"BreadcrumbList\",\"@id\":\"https:\/\/peruniquedestination.com\/contact\/#breadcrumb\",\"itemListElement\":[{\"@type\":\"ListItem\",\"position\":1,\"name\":\"Portada\",\"item\":\"https:\/\/peruniquedestination.com\/\"},{\"@type\":\"ListItem\",\"position\":2,\"name\":\"Cont\u00e1ctanos\"}]},{\"@type\":\"WebSite\",\"@id\":\"https:\/\/peruniquedestination.com\/#website\",\"url\":\"https:\/\/peruniquedestination.com\/\",\"name\":\"PUD\",\"description\":\"The best place to enjoy your travel\",\"potentialAction\":[{\"@type\":\"SearchAction\",\"target\":{\"@type\":\"EntryPoint\",\"urlTemplate\":\"https:\/\/peruniquedestination.com\/?s={search_term_string}\"},\"query-input\":\"required name=search_term_string\"}],\"inLanguage\":\"es\"}]}<\/script>\n<!-- \/ Yoast SEO plugin. -->","yoast_head_json":{"title":"Cont\u00e1ctanos - PUD","robots":{"index":"index","follow":"follow","max-snippet":"max-snippet:-1","max-image-preview":"max-image-preview:large","max-video-preview":"max-video-preview:-1"},"canonical":"https:\/\/peruniquedestination.com\/contact\/","og_locale":"es_ES","og_type":"article","og_title":"Cont\u00e1ctanos - PUD","og_description":"[vc_row][vc_column css=\u00bb.vc_custom_1504102479241{padding-top: 0px !important;}\u00bb][\/vc_column][\/vc_row][vc_row equal_height=\u00bbyes\u00bb content_placement=\u00bbmiddle\u00bb row_content_width=\u00bbgrid\u00bb css=\u00bb.vc_custom_1504858569016{padding-top: 70px !important;padding-bottom: 60px !important;}\u00bb][vc_column width=\u00bb3\/4&#8243; offset=\u00bbvc_col-lg-5 vc_col-md-7&#8243;][\/vc_column][vc_column offset=\u00bbvc_col-lg-7 vc_col-md-12&#8243;][\/vc_column][\/vc_row][vc_row][vc_column][\/vc_column][\/vc_row]","og_url":"https:\/\/peruniquedestination.com\/contact\/","og_site_name":"PUD","article_modified_time":"2019-04-02T18:08:17+00:00","og_image":[{"url":"http:\/\/peruniquedestination.com\/wp-content\/uploads\/2018\/09\/logo-blanco.png"}],"twitter_card":"summary_large_image","twitter_misc":{"Tiempo de lectura":"2 minutos"},"schema":{"@context":"https:\/\/schema.org","@graph":[{"@type":"WebPage","@id":"https:\/\/peruniquedestination.com\/contact\/","url":"https:\/\/peruniquedestination.com\/contact\/","name":"Cont\u00e1ctanos - PUD","isPartOf":{"@id":"https:\/\/peruniquedestination.com\/#website"},"datePublished":"2017-09-08T07:53:48+00:00","dateModified":"2019-04-02T18:08:17+00:00","breadcrumb":{"@id":"https:\/\/peruniquedestination.com\/contact\/#breadcrumb"},"inLanguage":"es","potentialAction":[{"@type":"ReadAction","target":["https:\/\/peruniquedestination.com\/contact\/"]}]},{"@type":"BreadcrumbList","@id":"https:\/\/peruniquedestination.com\/contact\/#breadcrumb","itemListElement":[{"@type":"ListItem","position":1,"name":"Portada","item":"https:\/\/peruniquedestination.com\/"},{"@type":"ListItem","position":2,"name":"Cont\u00e1ctanos"}]},{"@type":"WebSite","@id":"https:\/\/peruniquedestination.com\/#website","url":"https:\/\/peruniquedestination.com\/","name":"PUD","description":"The best place to enjoy your travel","potentialAction":[{"@type":"SearchAction","target":{"@type":"EntryPoint","urlTemplate":"https:\/\/peruniquedestination.com\/?s={search_term_string}"},"query-input":"required name=search_term_string"}],"inLanguage":"es"}]}},"_links":{"self":[{"href":"https:\/\/peruniquedestination.com\/es\/wp-json\/wp\/v2\/pages\/5003"}],"collection":[{"href":"https:\/\/peruniquedestination.com\/es\/wp-json\/wp\/v2\/pages"}],"about":[{"href":"https:\/\/peruniquedestination.com\/es\/wp-json\/wp\/v2\/types\/page"}],"author":[{"embeddable":true,"href":"https:\/\/peruniquedestination.com\/es\/wp-json\/wp\/v2\/users\/2"}],"replies":[{"embeddable":true,"href":"https:\/\/peruniquedestination.com\/es\/wp-json\/wp\/v2\/comments?post=5003"}],"version-history":[{"count":0,"href":"https:\/\/peruniquedestination.com\/es\/wp-json\/wp\/v2\/pages\/5003\/revisions"}],"wp:attachment":[{"href":"https:\/\/peruniquedestination.com\/es\/wp-json\/wp\/v2\/media?parent=5003"}],"curies":[{"name":"wp","href":"https:\/\/api.w.org\/{rel}","templated":true}]}}