{"id":5072,"date":"2017-09-08T07:53:48","date_gmt":"2017-09-08T07:53:48","guid":{"rendered":"http:\/\/peruniquedestination.com\/delicious-country\/"},"modified":"2019-04-02T18:10:21","modified_gmt":"2019-04-02T18:10:21","slug":"un-pais-delicioso","status":"publish","type":"page","link":"https:\/\/peruniquedestination.com\/es\/un-pais-delicioso\/","title":{"rendered":"Un Pa\u00eds Delicioso"},"content":{"rendered":"<p>[vc_row][vc_column css=\u00bb.vc_custom_1504102479241{padding-top: 0px !important;}\u00bb][vc_column_text css=\u00bb.vc_custom_1551900658320{padding-top: 50px !important;padding-bottom: 20px !important;}\u00bb]<\/p>\n<div class=\"cabecera-nosotros\" style=\"display: block; margin: 0 auto; width: fit-content;\"><img decoding=\"async\" src=\"http:\/\/peruniquedestination.com\/wp-content\/uploads\/2018\/09\/logo-blanco.png\" width=\"200\" \/><\/div>\n<p>[\/vc_column_text][vc_row_inner][vc_column_inner width=\u00bb1\/6&#8243;][\/vc_column_inner][vc_column_inner width=\u00bb2\/3&#8243;][vc_column_text]<\/p>\n<p style=\"text-align: center; color: white;\">Somos una agencia especializada en turismo receptivo que atiende pasajeros individuales<br \/>\ny grupos con acomodaci\u00f3n en 3, 4 y 5 estrellas; con operaciones de turismo tradicional a nivel nacional.<\/p>\n<p>[\/vc_column_text][\/vc_column_inner][vc_column_inner width=\u00bb1\/6&#8243;][\/vc_column_inner][\/vc_row_inner][\/vc_column][\/vc_row][vc_row css=\u00bb.vc_custom_1551925213520{padding-right: 30px !important;padding-left: 30px !important;}\u00bb][vc_column][vc_empty_space height=\u00bb10px\u00bb]<div class=\"qodef-tours-list-holder qodef-tours-row qodef-tr-normal-space qodef-tours-columns-3 qodef-tours-type-standard\">\n\t\t\t\n\t\t\n        <div class=\"qodef-tours-list-holder-inner qodef-tours-row-inner-holder\">\n\t\t\t<div class=\"qodef-tours-list-grid-sizer\"><\/div>\n\t\t\t\t\t<div class=\"qodef-tours-standard-item qodef-tours-row-item post-4613 tour-item type-tour-item status-publish has-post-thumbnail hentry tour-category-gatronomia-es tour-attribute-private-transportion-es tour-attribute-professional-guide-es tour-attribute-snacks-es\">\n\t\t\t<div class=\"qodef-tours-standard-item-image-holder\">\n\t\t\t<a href=\"https:\/\/peruniquedestination.com\/es\/tour-item\/experiencia-viaje-culinario\/\">\n\t\t\t\t<img loading=\"lazy\" decoding=\"async\" width=\"900\" height=\"450\" src=\"https:\/\/peruniquedestination.com\/wp-content\/uploads\/2019\/03\/tour-culinary-home.jpg\" class=\"attachment-getaway_qodef_landscape size-getaway_qodef_landscape\" alt=\"\" srcset=\"https:\/\/peruniquedestination.com\/wp-content\/uploads\/2019\/03\/tour-culinary-home.jpg 900w, https:\/\/peruniquedestination.com\/wp-content\/uploads\/2019\/03\/tour-culinary-home-300x150.jpg 300w, https:\/\/peruniquedestination.com\/wp-content\/uploads\/2019\/03\/tour-culinary-home-768x384.jpg 768w, https:\/\/peruniquedestination.com\/wp-content\/uploads\/2019\/03\/tour-culinary-home-600x300.jpg 600w\" sizes=\"(max-width: 900px) 100vw, 900px\" \/>\t\t\t<\/a>\n\t\t\t\t\t<\/div>\n\t\n\t<div class=\"qodef-tours-standard-item-content-holder\">\n\t\t<div class=\"qodef-tours-standard-item-content-inner\">\n\t\t\t<div class=\"qodef-tours-standard-item-title-price-holder\">\n\t\t\t\t<h4 class=\"qodef-tour-title\">\n\t\t\t\t\t<a href=\"https:\/\/peruniquedestination.com\/es\/tour-item\/experiencia-viaje-culinario\/\">EXPERIENCIA DE VIAJE CULINARIO<div class=\"textito\">(06 D\u00cdAS)<\/div><\/a>\n\t\t\t\t<\/h4>\n\t\t\t\t<span class=\"qodef-tours-standard-item-price-holder\">\n\t\t\t\t\t\n\t\t<span class=\"qodef-tours-price-holder\">\n\t\t\t\t\t\t\t\t<\/span>\n\n\t\t\t\t\t\t<\/span>\n\t\t\t<\/div>\n\t\n\t\t\t\t\n\t\t\t\t\t\t\t<div class=\"qodef-tours-standard-item-excerpt\">\n\t\t\t\t\tUn acercamiento a los sabores y texturas de la comida peruana. Una relaci\u00f3n con los colores y aromas de nuestros productos. Un encuentro corto, pero memorable para sumergirse en el tan famoso y comentado mundo culinario peruano.\t\t\t\t<\/div>\n\t\t\t\t\t<\/div>\n\t\t<div class=\"qodef-tours-standard-item-bottom-content\">\n\t\t\t\t\t\t\t<div class=\"qodef-tours-standard-item-bottom-item\">\n\t\t\t\t\t\n\t\t\n\t\t\t<div class=\"qodef-tour-duration-holder\">\n\t\t\t    <span class=\"qodef-tour-duration-icon qodef-tour-info-icon\">\n\t\t\t\t\t<span class=\"dripicons-clock\"><\/span>\n\t\t\t    <\/span>\n\t\t\t\t<span class=\"qodef-tour-info-label\">\n\t\t\t\t\t6 D\u00edas\t\t\t\t<\/span>\n\t\t\t<\/div>\n\n\t\t\n\t\t\t\t\t\t<\/div>\n\t\t\t\n\t\t\t\t\t<\/div>\n\t<\/div>\n<\/div>\t\t<div class=\"qodef-tours-standard-item qodef-tours-row-item post-4633 tour-item type-tour-item status-publish has-post-thumbnail hentry tour-category-gatronomia-es tour-attribute-private-transportion-es tour-attribute-professional-guide-es tour-attribute-snacks-es\">\n\t\t\t<div class=\"qodef-tours-standard-item-image-holder\">\n\t\t\t<a href=\"https:\/\/peruniquedestination.com\/es\/tour-item\/inmersion-en-la-gastronomia\/\">\n\t\t\t\t<img loading=\"lazy\" decoding=\"async\" width=\"1100\" height=\"550\" src=\"https:\/\/peruniquedestination.com\/wp-content\/uploads\/2019\/03\/culynary-tour-1100x550.jpg\" class=\"attachment-getaway_qodef_landscape size-getaway_qodef_landscape\" alt=\"\" \/>\t\t\t<\/a>\n\t\t\t\t\t<\/div>\n\t\n\t<div class=\"qodef-tours-standard-item-content-holder\">\n\t\t<div class=\"qodef-tours-standard-item-content-inner\">\n\t\t\t<div class=\"qodef-tours-standard-item-title-price-holder\">\n\t\t\t\t<h4 class=\"qodef-tour-title\">\n\t\t\t\t\t<a href=\"https:\/\/peruniquedestination.com\/es\/tour-item\/inmersion-en-la-gastronomia\/\">INMERSI\u00d3N EN LA GASTRONOM\u00cdA PERUANA <div class=\"textito\">(08 D\u00cdAS)<\/div><\/a>\n\t\t\t\t<\/h4>\n\t\t\t\t<span class=\"qodef-tours-standard-item-price-holder\">\n\t\t\t\t\t\n\t\t<span class=\"qodef-tours-price-holder\">\n\t\t\t\t\t\t\t\t<\/span>\n\n\t\t\t\t\t\t<\/span>\n\t\t\t<\/div>\n\t\n\t\t\t\t\n\t\t\t\t\t\t\t<div class=\"qodef-tours-standard-item-excerpt\">\n\t\t\t\t\tExperiencia que ofrece una verdadera inmersi\u00f3n en la gastronom\u00eda peruana. Este no es solo un conjunto de visitas a restaurantes, es un espacio y tiempo cultural \u2013 culinario con chefs y gu\u00edas profesionales donde se aprender\u00e1 sobre los conceptos, historia y secretos de la gastronom\u00eda peruana.\t\t\t\t<\/div>\n\t\t\t\t\t<\/div>\n\t\t<div class=\"qodef-tours-standard-item-bottom-content\">\n\t\t\t\t\t\t\t<div class=\"qodef-tours-standard-item-bottom-item\">\n\t\t\t\t\t\n\t\t\n\t\t\t<div class=\"qodef-tour-duration-holder\">\n\t\t\t    <span class=\"qodef-tour-duration-icon qodef-tour-info-icon\">\n\t\t\t\t\t<span class=\"dripicons-clock\"><\/span>\n\t\t\t    <\/span>\n\t\t\t\t<span class=\"qodef-tour-info-label\">\n\t\t\t\t\t8 D\u00edas\t\t\t\t<\/span>\n\t\t\t<\/div>\n\n\t\t\n\t\t\t\t\t\t<\/div>\n\t\t\t\n\t\t\t\t\t<\/div>\n\t<\/div>\n<\/div>\t\t<\/div>\n\n\t\t\n\n\t\t<\/div>[\/vc_column][\/vc_row][vc_row css=\u00bb.vc_custom_1551925213520{padding-right: 30px !important;padding-left: 30px !important;}\u00bb][vc_column][vc_empty_space height=\u00bb80px\u00bb][\/vc_column][\/vc_row][vc_row][vc_column]<div class=\"qodef-image-gallery  qodef-ig-grid-type qodef-no-space  qodef-image-behavior-lightbox\">\n\t<div class=\"qodef-ig-inner qodef-outer-space qodef-ig-grid qodef-ig-six-columns\">\n\t\t\t\t\t<div class=\"qodef-ig-image qodef-item-space\">\n\t\t\t\t<div class=\"qodef-ig-image-inner\">\n\t\t\t\t\t\t\t\t\t\t\t<a itemprop=\"image\" class=\"qodef-ig-lightbox\" href=\"https:\/\/peruniquedestination.com\/wp-content\/uploads\/2019\/03\/tour-machupicchu-peru-unique-destination.jpg\" data-rel=\"prettyPhoto[image_gallery_pretty_photo-242]\" title=\"tour-machupicchu-peru-unique-destination\">\n\t\t\t\t\t\t\t\t\t\t\t<img loading=\"lazy\" decoding=\"async\" width=\"600\" height=\"530\" src=\"https:\/\/peruniquedestination.com\/wp-content\/uploads\/2019\/03\/tour-machupicchu-peru-unique-destination.jpg\" class=\"attachment-full size-full\" alt=\"\" srcset=\"https:\/\/peruniquedestination.com\/wp-content\/uploads\/2019\/03\/tour-machupicchu-peru-unique-destination.jpg 600w, https:\/\/peruniquedestination.com\/wp-content\/uploads\/2019\/03\/tour-machupicchu-peru-unique-destination-300x265.jpg 300w\" sizes=\"(max-width: 600px) 100vw, 600px\" \/>\t\t\t\t\t\t\t\t\t\t\t<\/a>\n\t\t\t\t\t\t\t\t\t<\/div>\n\t\t\t<\/div>\n\t\t\t\t\t<div class=\"qodef-ig-image qodef-item-space\">\n\t\t\t\t<div class=\"qodef-ig-image-inner\">\n\t\t\t\t\t\t\t\t\t\t\t<a itemprop=\"image\" class=\"qodef-ig-lightbox\" href=\"https:\/\/peruniquedestination.com\/wp-content\/uploads\/2019\/03\/tour-san-blas-unique-destination.jpg\" data-rel=\"prettyPhoto[image_gallery_pretty_photo-242]\" title=\"tour-san-blas-unique-destination\">\n\t\t\t\t\t\t\t\t\t\t\t<img loading=\"lazy\" decoding=\"async\" width=\"600\" height=\"530\" src=\"https:\/\/peruniquedestination.com\/wp-content\/uploads\/2019\/03\/tour-san-blas-unique-destination.jpg\" class=\"attachment-full size-full\" alt=\"\" srcset=\"https:\/\/peruniquedestination.com\/wp-content\/uploads\/2019\/03\/tour-san-blas-unique-destination.jpg 600w, https:\/\/peruniquedestination.com\/wp-content\/uploads\/2019\/03\/tour-san-blas-unique-destination-300x265.jpg 300w\" sizes=\"(max-width: 600px) 100vw, 600px\" \/>\t\t\t\t\t\t\t\t\t\t\t<\/a>\n\t\t\t\t\t\t\t\t\t<\/div>\n\t\t\t<\/div>\n\t\t\t\t\t<div class=\"qodef-ig-image qodef-item-space\">\n\t\t\t\t<div class=\"qodef-ig-image-inner\">\n\t\t\t\t\t\t\t\t\t\t\t<a itemprop=\"image\" class=\"qodef-ig-lightbox\" href=\"https:\/\/peruniquedestination.com\/wp-content\/uploads\/2019\/03\/tour-inti-raymi-peru-unique-destination.jpg\" data-rel=\"prettyPhoto[image_gallery_pretty_photo-242]\" title=\"tour-inti-raymi-peru-unique-destination\">\n\t\t\t\t\t\t\t\t\t\t\t<img loading=\"lazy\" decoding=\"async\" width=\"600\" height=\"530\" src=\"https:\/\/peruniquedestination.com\/wp-content\/uploads\/2019\/03\/tour-inti-raymi-peru-unique-destination.jpg\" class=\"attachment-full size-full\" alt=\"\" srcset=\"https:\/\/peruniquedestination.com\/wp-content\/uploads\/2019\/03\/tour-inti-raymi-peru-unique-destination.jpg 600w, https:\/\/peruniquedestination.com\/wp-content\/uploads\/2019\/03\/tour-inti-raymi-peru-unique-destination-300x265.jpg 300w\" sizes=\"(max-width: 600px) 100vw, 600px\" \/>\t\t\t\t\t\t\t\t\t\t\t<\/a>\n\t\t\t\t\t\t\t\t\t<\/div>\n\t\t\t<\/div>\n\t\t\t\t\t<div class=\"qodef-ig-image qodef-item-space\">\n\t\t\t\t<div class=\"qodef-ig-image-inner\">\n\t\t\t\t\t\t\t\t\t\t\t<a itemprop=\"image\" class=\"qodef-ig-lightbox\" href=\"https:\/\/peruniquedestination.com\/wp-content\/uploads\/2019\/03\/tour-mistico-peru-unique-destination.jpg\" data-rel=\"prettyPhoto[image_gallery_pretty_photo-242]\" title=\"tour-mistico-peru-unique-destination\">\n\t\t\t\t\t\t\t\t\t\t\t<img loading=\"lazy\" decoding=\"async\" width=\"600\" height=\"530\" src=\"https:\/\/peruniquedestination.com\/wp-content\/uploads\/2019\/03\/tour-mistico-peru-unique-destination.jpg\" class=\"attachment-full size-full\" alt=\"\" srcset=\"https:\/\/peruniquedestination.com\/wp-content\/uploads\/2019\/03\/tour-mistico-peru-unique-destination.jpg 600w, https:\/\/peruniquedestination.com\/wp-content\/uploads\/2019\/03\/tour-mistico-peru-unique-destination-300x265.jpg 300w\" sizes=\"(max-width: 600px) 100vw, 600px\" \/>\t\t\t\t\t\t\t\t\t\t\t<\/a>\n\t\t\t\t\t\t\t\t\t<\/div>\n\t\t\t<\/div>\n\t\t\t\t\t<div class=\"qodef-ig-image qodef-item-space\">\n\t\t\t\t<div class=\"qodef-ig-image-inner\">\n\t\t\t\t\t\t\t\t\t\t\t<a itemprop=\"image\" class=\"qodef-ig-lightbox\" href=\"https:\/\/peruniquedestination.com\/wp-content\/uploads\/2019\/03\/tour-cultivo-papa-peru-unique-destination.jpg\" data-rel=\"prettyPhoto[image_gallery_pretty_photo-242]\" title=\"tour-cultivo-papa-peru-unique-destination\">\n\t\t\t\t\t\t\t\t\t\t\t<img loading=\"lazy\" decoding=\"async\" width=\"600\" height=\"530\" src=\"https:\/\/peruniquedestination.com\/wp-content\/uploads\/2019\/03\/tour-cultivo-papa-peru-unique-destination.jpg\" class=\"attachment-full size-full\" alt=\"\" srcset=\"https:\/\/peruniquedestination.com\/wp-content\/uploads\/2019\/03\/tour-cultivo-papa-peru-unique-destination.jpg 600w, https:\/\/peruniquedestination.com\/wp-content\/uploads\/2019\/03\/tour-cultivo-papa-peru-unique-destination-300x265.jpg 300w\" sizes=\"(max-width: 600px) 100vw, 600px\" \/>\t\t\t\t\t\t\t\t\t\t\t<\/a>\n\t\t\t\t\t\t\t\t\t<\/div>\n\t\t\t<\/div>\n\t\t\t\t\t<div class=\"qodef-ig-image qodef-item-space\">\n\t\t\t\t<div class=\"qodef-ig-image-inner\">\n\t\t\t\t\t\t\t\t\t\t\t<a itemprop=\"image\" class=\"qodef-ig-lightbox\" href=\"https:\/\/peruniquedestination.com\/wp-content\/uploads\/2019\/03\/tour-chinchero-peru-unique-destination.jpg\" data-rel=\"prettyPhoto[image_gallery_pretty_photo-242]\" title=\"tour-chinchero-peru-unique-destination\">\n\t\t\t\t\t\t\t\t\t\t\t<img loading=\"lazy\" decoding=\"async\" width=\"600\" height=\"530\" src=\"https:\/\/peruniquedestination.com\/wp-content\/uploads\/2019\/03\/tour-chinchero-peru-unique-destination.jpg\" class=\"attachment-full size-full\" alt=\"\" srcset=\"https:\/\/peruniquedestination.com\/wp-content\/uploads\/2019\/03\/tour-chinchero-peru-unique-destination.jpg 600w, https:\/\/peruniquedestination.com\/wp-content\/uploads\/2019\/03\/tour-chinchero-peru-unique-destination-300x265.jpg 300w\" sizes=\"(max-width: 600px) 100vw, 600px\" \/>\t\t\t\t\t\t\t\t\t\t\t<\/a>\n\t\t\t\t\t\t\t\t\t<\/div>\n\t\t\t<\/div>\n\t\t\t<\/div>\n<\/div>[\/vc_column][\/vc_row]<\/p>\n","protected":false},"excerpt":{"rendered":"<p>[vc_row][vc_column css=\u00bb.vc_custom_1504102479241{padding-top: 0px !important;}\u00bb][vc_column_text css=\u00bb.vc_custom_1551900658320{padding-top: 50px !important;padding-bottom: 20px !important;}\u00bb] [\/vc_column_text][vc_row_inner][vc_column_inner width=\u00bb1\/6&#8243;][\/vc_column_inner][vc_column_inner width=\u00bb2\/3&#8243;][vc_column_text] Somos una agencia especializada en turismo receptivo que atiende pasajeros individuales y grupos con acomodaci\u00f3n en 3, 4 y 5 estrellas; con operaciones de turismo tradicional a nivel nacional. [\/vc_column_text][\/vc_column_inner][vc_column_inner width=\u00bb1\/6&#8243;][\/vc_column_inner][\/vc_row_inner][\/vc_column][\/vc_row][vc_row css=\u00bb.vc_custom_1551925213520{padding-right: 30px !important;padding-left: 30px !important;}\u00bb][vc_column][vc_empty_space height=\u00bb10px\u00bb][\/vc_column][\/vc_row][vc_row css=\u00bb.vc_custom_1551925213520{padding-right: 30px !important;padding-left: 30px !important;}\u00bb][vc_column][vc_empty_space [&hellip;]<\/p>\n","protected":false},"author":2,"featured_media":0,"parent":0,"menu_order":0,"comment_status":"closed","ping_status":"closed","template":"full-width.php","meta":{"footnotes":""},"yoast_head":"<!-- This site is optimized with the Yoast SEO plugin v21.7 - https:\/\/yoast.com\/wordpress\/plugins\/seo\/ -->\n<title>Un Pa\u00eds Delicioso - PUD<\/title>\n<meta name=\"robots\" content=\"index, follow, max-snippet:-1, max-image-preview:large, max-video-preview:-1\" \/>\n<link rel=\"canonical\" href=\"https:\/\/peruniquedestination.com\/delicious-country\/\" \/>\n<meta property=\"og:locale\" content=\"es_ES\" \/>\n<meta property=\"og:type\" content=\"article\" \/>\n<meta property=\"og:title\" content=\"Un Pa\u00eds Delicioso - PUD\" \/>\n<meta property=\"og:description\" content=\"[vc_row][vc_column css=\u00bb.vc_custom_1504102479241{padding-top: 0px !important;}\u00bb][vc_column_text css=\u00bb.vc_custom_1551900658320{padding-top: 50px !important;padding-bottom: 20px !important;}\u00bb] [\/vc_column_text][vc_row_inner][vc_column_inner width=\u00bb1\/6&#8243;][\/vc_column_inner][vc_column_inner width=\u00bb2\/3&#8243;][vc_column_text] Somos una agencia especializada en turismo receptivo que atiende pasajeros individuales y grupos con acomodaci\u00f3n en 3, 4 y 5 estrellas; con operaciones de turismo tradicional a nivel nacional. [\/vc_column_text][\/vc_column_inner][vc_column_inner width=\u00bb1\/6&#8243;][\/vc_column_inner][\/vc_row_inner][\/vc_column][\/vc_row][vc_row css=\u00bb.vc_custom_1551925213520{padding-right: 30px !important;padding-left: 30px !important;}\u00bb][vc_column][vc_empty_space height=\u00bb10px\u00bb][\/vc_column][\/vc_row][vc_row css=\u00bb.vc_custom_1551925213520{padding-right: 30px !important;padding-left: 30px !important;}\u00bb][vc_column][vc_empty_space [&hellip;]\" \/>\n<meta property=\"og:url\" content=\"https:\/\/peruniquedestination.com\/delicious-country\/\" \/>\n<meta property=\"og:site_name\" content=\"PUD\" \/>\n<meta property=\"article:modified_time\" content=\"2019-04-02T18:10:21+00:00\" \/>\n<meta property=\"og:image\" content=\"http:\/\/peruniquedestination.com\/wp-content\/uploads\/2018\/09\/logo-blanco.png\" \/>\n<meta name=\"twitter:card\" content=\"summary_large_image\" \/>\n<meta name=\"twitter:label1\" content=\"Tiempo de lectura\" \/>\n\t<meta name=\"twitter:data1\" content=\"1 minuto\" \/>\n<script type=\"application\/ld+json\" class=\"yoast-schema-graph\">{\"@context\":\"https:\/\/schema.org\",\"@graph\":[{\"@type\":\"WebPage\",\"@id\":\"https:\/\/peruniquedestination.com\/delicious-country\/\",\"url\":\"https:\/\/peruniquedestination.com\/delicious-country\/\",\"name\":\"Un Pa\u00eds Delicioso - PUD\",\"isPartOf\":{\"@id\":\"https:\/\/peruniquedestination.com\/#website\"},\"datePublished\":\"2017-09-08T07:53:48+00:00\",\"dateModified\":\"2019-04-02T18:10:21+00:00\",\"breadcrumb\":{\"@id\":\"https:\/\/peruniquedestination.com\/delicious-country\/#breadcrumb\"},\"inLanguage\":\"es\",\"potentialAction\":[{\"@type\":\"ReadAction\",\"target\":[\"https:\/\/peruniquedestination.com\/delicious-country\/\"]}]},{\"@type\":\"BreadcrumbList\",\"@id\":\"https:\/\/peruniquedestination.com\/delicious-country\/#breadcrumb\",\"itemListElement\":[{\"@type\":\"ListItem\",\"position\":1,\"name\":\"Portada\",\"item\":\"https:\/\/peruniquedestination.com\/\"},{\"@type\":\"ListItem\",\"position\":2,\"name\":\"Un Pa\u00eds Delicioso\"}]},{\"@type\":\"WebSite\",\"@id\":\"https:\/\/peruniquedestination.com\/#website\",\"url\":\"https:\/\/peruniquedestination.com\/\",\"name\":\"PUD\",\"description\":\"The best place to enjoy your travel\",\"potentialAction\":[{\"@type\":\"SearchAction\",\"target\":{\"@type\":\"EntryPoint\",\"urlTemplate\":\"https:\/\/peruniquedestination.com\/?s={search_term_string}\"},\"query-input\":\"required name=search_term_string\"}],\"inLanguage\":\"es\"}]}<\/script>\n<!-- \/ Yoast SEO plugin. -->","yoast_head_json":{"title":"Un Pa\u00eds Delicioso - PUD","robots":{"index":"index","follow":"follow","max-snippet":"max-snippet:-1","max-image-preview":"max-image-preview:large","max-video-preview":"max-video-preview:-1"},"canonical":"https:\/\/peruniquedestination.com\/delicious-country\/","og_locale":"es_ES","og_type":"article","og_title":"Un Pa\u00eds Delicioso - PUD","og_description":"[vc_row][vc_column css=\u00bb.vc_custom_1504102479241{padding-top: 0px !important;}\u00bb][vc_column_text css=\u00bb.vc_custom_1551900658320{padding-top: 50px !important;padding-bottom: 20px !important;}\u00bb] [\/vc_column_text][vc_row_inner][vc_column_inner width=\u00bb1\/6&#8243;][\/vc_column_inner][vc_column_inner width=\u00bb2\/3&#8243;][vc_column_text] Somos una agencia especializada en turismo receptivo que atiende pasajeros individuales y grupos con acomodaci\u00f3n en 3, 4 y 5 estrellas; con operaciones de turismo tradicional a nivel nacional. [\/vc_column_text][\/vc_column_inner][vc_column_inner width=\u00bb1\/6&#8243;][\/vc_column_inner][\/vc_row_inner][\/vc_column][\/vc_row][vc_row css=\u00bb.vc_custom_1551925213520{padding-right: 30px !important;padding-left: 30px !important;}\u00bb][vc_column][vc_empty_space height=\u00bb10px\u00bb][\/vc_column][\/vc_row][vc_row css=\u00bb.vc_custom_1551925213520{padding-right: 30px !important;padding-left: 30px !important;}\u00bb][vc_column][vc_empty_space [&hellip;]","og_url":"https:\/\/peruniquedestination.com\/delicious-country\/","og_site_name":"PUD","article_modified_time":"2019-04-02T18:10:21+00:00","og_image":[{"url":"http:\/\/peruniquedestination.com\/wp-content\/uploads\/2018\/09\/logo-blanco.png"}],"twitter_card":"summary_large_image","twitter_misc":{"Tiempo de lectura":"1 minuto"},"schema":{"@context":"https:\/\/schema.org","@graph":[{"@type":"WebPage","@id":"https:\/\/peruniquedestination.com\/delicious-country\/","url":"https:\/\/peruniquedestination.com\/delicious-country\/","name":"Un Pa\u00eds Delicioso - PUD","isPartOf":{"@id":"https:\/\/peruniquedestination.com\/#website"},"datePublished":"2017-09-08T07:53:48+00:00","dateModified":"2019-04-02T18:10:21+00:00","breadcrumb":{"@id":"https:\/\/peruniquedestination.com\/delicious-country\/#breadcrumb"},"inLanguage":"es","potentialAction":[{"@type":"ReadAction","target":["https:\/\/peruniquedestination.com\/delicious-country\/"]}]},{"@type":"BreadcrumbList","@id":"https:\/\/peruniquedestination.com\/delicious-country\/#breadcrumb","itemListElement":[{"@type":"ListItem","position":1,"name":"Portada","item":"https:\/\/peruniquedestination.com\/"},{"@type":"ListItem","position":2,"name":"Un Pa\u00eds Delicioso"}]},{"@type":"WebSite","@id":"https:\/\/peruniquedestination.com\/#website","url":"https:\/\/peruniquedestination.com\/","name":"PUD","description":"The best place to enjoy your travel","potentialAction":[{"@type":"SearchAction","target":{"@type":"EntryPoint","urlTemplate":"https:\/\/peruniquedestination.com\/?s={search_term_string}"},"query-input":"required name=search_term_string"}],"inLanguage":"es"}]}},"_links":{"self":[{"href":"https:\/\/peruniquedestination.com\/es\/wp-json\/wp\/v2\/pages\/5072"}],"collection":[{"href":"https:\/\/peruniquedestination.com\/es\/wp-json\/wp\/v2\/pages"}],"about":[{"href":"https:\/\/peruniquedestination.com\/es\/wp-json\/wp\/v2\/types\/page"}],"author":[{"embeddable":true,"href":"https:\/\/peruniquedestination.com\/es\/wp-json\/wp\/v2\/users\/2"}],"replies":[{"embeddable":true,"href":"https:\/\/peruniquedestination.com\/es\/wp-json\/wp\/v2\/comments?post=5072"}],"version-history":[{"count":0,"href":"https:\/\/peruniquedestination.com\/es\/wp-json\/wp\/v2\/pages\/5072\/revisions"}],"wp:attachment":[{"href":"https:\/\/peruniquedestination.com\/es\/wp-json\/wp\/v2\/media?parent=5072"}],"curies":[{"name":"wp","href":"https:\/\/api.w.org\/{rel}","templated":true}]}}